




{"id":2485,"date":"2025-02-06T19:51:47","date_gmt":"2025-02-06T18:51:47","guid":{"rendered":"http:\/\/192.168.1.30\/?page_id=2485"},"modified":"2025-02-14T10:23:30","modified_gmt":"2025-02-14T09:23:30","slug":"hipoteca-mixta","status":"publish","type":"page","link":"https:\/\/euribor365.es\/index.php\/hipoteca-mixta\/","title":{"rendered":"hipoteca-mixta"},"content":{"rendered":"\n<h4 class=\"wp-block-heading\">\ud83d\udd04 \u00bfTienes una hipoteca mixta? Consulta c\u00f3mo cambia tu tramo variable<\/h4>\n\n\n\n<p>Las hipotecas mixtas combinan un periodo fijo con uno variable. Si quieres anticiparte a que suceder\u00e1 cuando llegues a tu tramo variable, aqu\u00ed puedes comparar c\u00f3mo afectar\u00eda el Eur\u00edbor a tu cuota cuando llegue ese momento.<\/p>\n\n\n\n<h5 class=\"wp-block-heading\">\ud83d\udd0d <strong>\u00bfQu\u00e9 datos te solicitamos?<\/strong><\/h5>\n\n\n\n<p>\u2705 <strong>Nombre, email y contrase\u00f1a<\/strong> \u2192 Para ofrecerte un acceso personalizado y permitirte recuperar tu cuenta si lo necesitas.<br>\u2705 <strong>Informaci\u00f3n sobre tu hipoteca<\/strong>:<\/p>\n\n\n\n<ul class=\"wp-block-list\">\n<li>Cantidad pendiente en la \u00faltima revisi\u00f3n<\/li>\n\n\n\n<li>A\u00f1os restantes del pr\u00e9stamo<\/li>\n\n\n\n<li>Tipo de inter\u00e9s fijo y su duraci\u00f3n<\/li>\n\n\n\n<li>Diferencial y Eur\u00edbor aplicado en tu tramo variable<\/li>\n<\/ul>\n\n\n\n<h5 class=\"wp-block-heading\">\u2699\ufe0f <strong>\u00bfC\u00f3mo hacemos el c\u00e1lculo?<\/strong><\/h5>\n\n\n\n<p>1\ufe0f\u20e3 Calculamos la cuota de tu tramo variable con los datos registrados.<br>2\ufe0f\u20e3 Simulamos la misma cuota, pero en lugar del Eur\u00edbor de tu \u00faltima revisi\u00f3n, usamos el <strong>Eur\u00edbor actual<\/strong>.<br>3\ufe0f\u20e3 Comparamos ambos valores y te mostramos <strong>si pagar\u00edas m\u00e1s o menos en tu tramo variable cuando llegue ese momento<\/strong>.<\/p>\n\n\n\n<p>\ud83d\udce2 <strong>Este c\u00e1lculo te servir\u00e1 para prepararte para cuando te llegue el variable.<\/strong><\/p>\n\n\n\n<h5 class=\"wp-block-heading\">\ud83d\udccc <strong>\u00bfC\u00f3mo te mostramos esta informaci\u00f3n?<\/strong><\/h5>\n\n\n\n<p>\ud83d\udd39 En la p\u00e1gina principal, ver\u00e1s un cuadro informativo como este:<\/p>\n\n\n<div class=\"wp-block-image\">\n<figure class=\"aligncenter size-full is-resized\"><img loading=\"lazy\" decoding=\"async\" width=\"950\" height=\"646\" src=\"https:\/\/euribor365.es\/wp-content\/uploads\/2025\/02\/Hipoteca-Mixta-1.jpg\" alt=\"\" class=\"wp-image-2616\" style=\"width:450px\"\/><\/figure>\n<\/div>\n\n\n<p>\ud83d\udca1 <strong>Importante:<\/strong> Solo mostramos la diferencia en la parte variable de tu hipoteca, sin afectar la parte fija. La informaci\u00f3n es completamente privada y solo t\u00fa podr\u00e1s verla.<\/p>\n\n\n\n<h5 class=\"wp-block-heading\">\ud83d\udd04 <strong>\u00bfNecesita mantenimiento?<\/strong><\/h5>\n\n\n\n<p>Para obtener datos m\u00e1s precisos, te recomendamos mantenerla actualizada con cada cambio de cuota:<br>\ud83d\udccc <strong>Cantidad pendiente de la hipoteca<\/strong><br>\ud83d\udccc <strong>A\u00f1os restantes del pr\u00e9stamo<\/strong><br>\ud83d\udccc <strong>Si llegas al tramo variable, transformarlo en <a href=\"\/index.php\/hipoteca-variable\/\">hipoteca variable<\/a><\/strong><\/p>\n\n\n\n<p>\ud83d\udcc5 Esto suele coincidir con la fecha en la que el banco te actualiza la cuota.<\/p>\n\n\n\n<h5 class=\"wp-block-heading\">\u2728 <strong>Reg\u00edstrate en Euribor365.es y mantente informado<\/strong><\/h5>\n\n\n\n<p>Prueba la herramienta sin compromiso <a href=\"\/index.php\/registro\">aqu\u00ed<\/a>. Si en alg\u00fan momento decides que no es para ti, puedes eliminar tu cuenta en <strong>dos clics<\/strong>.<\/p>\n\n\n<div class=\"wp-block-image\">\n<figure class=\"aligncenter size-full is-resized\"><img loading=\"lazy\" decoding=\"async\" width=\"892\" height=\"624\" src=\"https:\/\/euribor365.es\/wp-content\/uploads\/2025\/02\/Eliminar-cuenta-3-1.jpg\" alt=\"\" class=\"wp-image-2617\" style=\"width:400px\"\/><\/figure>\n<\/div>","protected":false},"excerpt":{"rendered":"<p>\ud83d\udd04 \u00bfTienes una hipoteca mixta? Consulta c\u00f3mo cambia tu tramo variable Las hipotecas mixtas combinan un periodo fijo con uno variable. Si quieres anticiparte a que suceder\u00e1 cuando llegues a tu tramo variable, aqu\u00ed puedes comparar c\u00f3mo afectar\u00eda el Eur\u00edbor a tu cuota cuando llegue ese momento. \ud83d\udd0d \u00bfQu\u00e9 datos te solicitamos? \u2705 Nombre, email &#8230; <a title=\"hipoteca-mixta\" class=\"read-more\" href=\"https:\/\/euribor365.es\/index.php\/hipoteca-mixta\/\" aria-label=\"Leer m\u00e1s sobre hipoteca-mixta\">Leer m\u00e1s<\/a><\/p>\n","protected":false},"author":1,"featured_media":0,"parent":0,"menu_order":0,"comment_status":"closed","ping_status":"closed","template":"","meta":{"footnotes":""},"class_list":["post-2485","page","type-page","status-publish"],"_links":{"self":[{"href":"https:\/\/euribor365.es\/index.php\/wp-json\/wp\/v2\/pages\/2485","targetHints":{"allow":["GET"]}}],"collection":[{"href":"https:\/\/euribor365.es\/index.php\/wp-json\/wp\/v2\/pages"}],"about":[{"href":"https:\/\/euribor365.es\/index.php\/wp-json\/wp\/v2\/types\/page"}],"author":[{"embeddable":true,"href":"https:\/\/euribor365.es\/index.php\/wp-json\/wp\/v2\/users\/1"}],"replies":[{"embeddable":true,"href":"https:\/\/euribor365.es\/index.php\/wp-json\/wp\/v2\/comments?post=2485"}],"version-history":[{"count":10,"href":"https:\/\/euribor365.es\/index.php\/wp-json\/wp\/v2\/pages\/2485\/revisions"}],"predecessor-version":[{"id":2618,"href":"https:\/\/euribor365.es\/index.php\/wp-json\/wp\/v2\/pages\/2485\/revisions\/2618"}],"wp:attachment":[{"href":"https:\/\/euribor365.es\/index.php\/wp-json\/wp\/v2\/media?parent=2485"}],"curies":[{"name":"wp","href":"https:\/\/api.w.org\/{rel}","templated":true}]}}