




{"id":2483,"date":"2025-02-06T19:51:28","date_gmt":"2025-02-06T18:51:28","guid":{"rendered":"http:\/\/192.168.1.30\/?page_id=2483"},"modified":"2025-02-14T10:34:35","modified_gmt":"2025-02-14T09:34:35","slug":"hipoteca-variable","status":"publish","type":"page","link":"https:\/\/euribor365.es\/index.php\/hipoteca-variable\/","title":{"rendered":"hipoteca-variable"},"content":{"rendered":"\n<h4 class=\"wp-block-heading\">\ud83d\udcca \u00bfTienes una hipoteca variable? Consulta c\u00f3mo ha cambiado tu cuota<\/h4>\n\n\n\n<p>Las hipotecas variables dependen del Eur\u00edbor, que fluct\u00faa constantemente. Si quieres saber c\u00f3mo ha evolucionado y c\u00f3mo afecta a tu pr\u00e9stamo, aqu\u00ed puedes comparar los datos actuales con los de tu hipoteca.<\/p>\n\n\n\n<h5 class=\"wp-block-heading\">\ud83d\udd0d <strong>\u00bfQu\u00e9 datos te solicitamos?<\/strong><\/h5>\n\n\n\n<p>\u2705 <strong>Nombre, email y contrase\u00f1a<\/strong> \u2192 Para ofrecerte un acceso personalizado y permitirte recuperar tu cuenta si lo necesitas.<br>\u2705 <strong>Informaci\u00f3n sobre tu hipoteca<\/strong> \u2192 Cantidad pendiente en la \u00faltima revisi\u00f3n, a\u00f1os restantes, diferencial y Eur\u00edbor en la \u00faltima revisi\u00f3n.<\/p>\n\n\n\n<h5 class=\"wp-block-heading\">\u2699\ufe0f <strong>\u00bfC\u00f3mo hacemos el c\u00e1lculo?<\/strong><\/h5>\n\n\n\n<p>1\ufe0f\u20e3 Calculamos la cuota que est\u00e1s pagando seg\u00fan los datos de tu registro.<br>2\ufe0f\u20e3 Simulamos la misma cuota, pero en lugar del Eur\u00edbor de tu \u00faltima revisi\u00f3n, usamos el <strong>Eur\u00edbor actual<\/strong>.<br>3\ufe0f\u20e3 Comparamos ambos valores y te mostramos <strong>si pagar\u00edas m\u00e1s o menos con la actualizaci\u00f3n del Eur\u00edbor<\/strong>, reflejando el cambio cada d\u00eda.<\/p>\n\n\n\n<h5 class=\"wp-block-heading\">\ud83d\udccc <strong>\u00bfC\u00f3mo te mostramos esta informaci\u00f3n?<\/strong><\/h5>\n\n\n\n<p>\ud83d\udd39 En la p\u00e1gina principal, ver\u00e1s un cuadro informativo como este:<\/p>\n\n\n<div class=\"wp-block-image\">\n<figure class=\"aligncenter size-full is-resized\"><img loading=\"lazy\" decoding=\"async\" width=\"1079\" height=\"624\" src=\"https:\/\/euribor365.es\/wp-content\/uploads\/2025\/02\/Hipoteca-Variable-2.jpg\" alt=\"\" class=\"wp-image-2605\" style=\"width:550px\"\/><\/figure>\n<\/div>\n\n\n<p><\/p>\n\n\n\n<p>\ud83d\udca1 <strong>Importante:<\/strong> Solo mostramos la diferencia en tu cuota, nunca el importe total que pagas. La informaci\u00f3n es completamente privada y solo t\u00fa podr\u00e1s verla.<\/p>\n\n\n\n<h5 class=\"wp-block-heading\">\ud83d\udd04 <strong>\u00bfNecesita mantenimiento?<\/strong><\/h5>\n\n\n\n<p>Para obtener datos m\u00e1s precisos, te recomendamos mantenerla actualizada con cada cambio de cuota:<br>\ud83d\udccc <strong>Cantidad pendiente de la hipoteca<\/strong><br>\ud83d\udccc <strong>A\u00f1os restantes del pr\u00e9stamo<\/strong><br>\ud83d\udccc <strong>Nuevo Eur\u00edbor tras cada revisi\u00f3n<\/strong><\/p>\n\n\n\n<p>\ud83d\udcc5 Esto suele coincidir con la fecha en la que el banco te actualiza la cuota.<\/p>\n\n\n\n<h5 class=\"wp-block-heading\">\u2728 <strong>Reg\u00edstrate en Euribor365.es y mantente informado<\/strong><\/h5>\n\n\n\n<p>Prueba la herramienta sin compromiso <a href=\"\/index.php\/registro\">aqu\u00ed<\/a>. Si en alg\u00fan momento decides que no es para ti, puedes eliminar tu cuenta en <strong>dos clics<\/strong>.<\/p>\n\n\n<div class=\"wp-block-image\">\n<figure class=\"aligncenter size-full is-resized\"><img loading=\"lazy\" decoding=\"async\" width=\"849\" height=\"622\" src=\"https:\/\/euribor365.es\/wp-content\/uploads\/2025\/02\/Eliminar-cuenta-2-1.jpg\" alt=\"\" class=\"wp-image-2610\" style=\"width:350px\"\/><\/figure>\n<\/div>\n\n\n<p><\/p>\n","protected":false},"excerpt":{"rendered":"<p>\ud83d\udcca \u00bfTienes una hipoteca variable? Consulta c\u00f3mo ha cambiado tu cuota Las hipotecas variables dependen del Eur\u00edbor, que fluct\u00faa constantemente. Si quieres saber c\u00f3mo ha evolucionado y c\u00f3mo afecta a tu pr\u00e9stamo, aqu\u00ed puedes comparar los datos actuales con los de tu hipoteca. \ud83d\udd0d \u00bfQu\u00e9 datos te solicitamos? \u2705 Nombre, email y contrase\u00f1a \u2192 Para &#8230; <a title=\"hipoteca-variable\" class=\"read-more\" href=\"https:\/\/euribor365.es\/index.php\/hipoteca-variable\/\" aria-label=\"Leer m\u00e1s sobre hipoteca-variable\">Leer m\u00e1s<\/a><\/p>\n","protected":false},"author":1,"featured_media":0,"parent":0,"menu_order":0,"comment_status":"closed","ping_status":"closed","template":"","meta":{"footnotes":""},"class_list":["post-2483","page","type-page","status-publish"],"_links":{"self":[{"href":"https:\/\/euribor365.es\/index.php\/wp-json\/wp\/v2\/pages\/2483","targetHints":{"allow":["GET"]}}],"collection":[{"href":"https:\/\/euribor365.es\/index.php\/wp-json\/wp\/v2\/pages"}],"about":[{"href":"https:\/\/euribor365.es\/index.php\/wp-json\/wp\/v2\/types\/page"}],"author":[{"embeddable":true,"href":"https:\/\/euribor365.es\/index.php\/wp-json\/wp\/v2\/users\/1"}],"replies":[{"embeddable":true,"href":"https:\/\/euribor365.es\/index.php\/wp-json\/wp\/v2\/comments?post=2483"}],"version-history":[{"count":12,"href":"https:\/\/euribor365.es\/index.php\/wp-json\/wp\/v2\/pages\/2483\/revisions"}],"predecessor-version":[{"id":2619,"href":"https:\/\/euribor365.es\/index.php\/wp-json\/wp\/v2\/pages\/2483\/revisions\/2619"}],"wp:attachment":[{"href":"https:\/\/euribor365.es\/index.php\/wp-json\/wp\/v2\/media?parent=2483"}],"curies":[{"name":"wp","href":"https:\/\/api.w.org\/{rel}","templated":true}]}}