




{"id":2481,"date":"2025-02-06T19:51:02","date_gmt":"2025-02-06T18:51:02","guid":{"rendered":"http:\/\/192.168.1.30\/?page_id=2481"},"modified":"2025-02-14T10:21:39","modified_gmt":"2025-02-14T09:21:39","slug":"hipoteca-fija","status":"publish","type":"page","link":"https:\/\/euribor365.es\/index.php\/hipoteca-fija\/","title":{"rendered":"hipoteca-fija"},"content":{"rendered":"\n<h4 class=\"wp-block-heading\"><strong>\ud83d\udcca \u00bfTienes una hipoteca fija? Descubre c\u00f3mo ha cambiado el mercado<\/strong><\/h4>\n\n\n\n<p>Las hipotecas fijas ofrecen estabilidad, pero el mercado evoluciona constantemente. Si quieres conocer c\u00f3mo han variado los tipos de inter\u00e9s y c\u00f3mo podr\u00edan influir en tu situaci\u00f3n, aqu\u00ed puedes comparar los datos actuales con los de tu pr\u00e9stamo.<\/p>\n\n\n\n<h5 class=\"wp-block-heading\">\ud83d\udd0d <strong>\u00bfQu\u00e9 datos te solicitamos?<\/strong><\/h5>\n\n\n\n<p>\u2705 <strong>Nombre, email y contrase\u00f1a<\/strong> \u2192 Para ofrecerte un acceso personalizado y permitirte recuperar tu cuenta si lo necesitas.<br>\u2705 <strong>Informaci\u00f3n sobre tu hipoteca<\/strong> \u2192 Cantidad pendiente en la \u00faltima revisi\u00f3n, a\u00f1os restantes y tipo de inter\u00e9s.<\/p>\n\n\n\n<h5 class=\"wp-block-heading\">\u2699\ufe0f <strong>\u00bfC\u00f3mo hacemos el c\u00e1lculo?<\/strong><\/h5>\n\n\n\n<p>1\ufe0f\u20e3 Calculamos la cuota que est\u00e1s pagando seg\u00fan los datos de tu registro.<br>2\ufe0f\u20e3 Simulamos la misma cuota, pero en lugar de tu tipo fijo, usamos el <strong>Eur\u00edbor actual + 0,89%<\/strong> (diferencial de referencia en el mercado actual).<br>3\ufe0f\u20e3 Comparamos ambos valores y te mostramos <strong>si pagar\u00edas m\u00e1s o menos con una hipoteca variable<\/strong>, actualizando el dato cada d\u00eda con el Eur\u00edbor vigente.<\/p>\n\n\n\n<p>\ud83d\udce2 <strong>Si las condiciones del mercado cambian, actualizaremos el diferencial usado y te informaremos.<\/strong><\/p>\n\n\n\n<h5 class=\"wp-block-heading\">\ud83d\udccc <strong>\u00bfC\u00f3mo te mostramos esta informaci\u00f3n?<\/strong><\/h5>\n\n\n\n<p>\ud83d\udd39 En la p\u00e1gina principal, ver\u00e1s un cuadro informativo como este:<\/p>\n\n\n\n<p><\/p>\n\n\n<div class=\"wp-block-image\">\n<figure class=\"aligncenter size-full is-resized\"><img loading=\"lazy\" decoding=\"async\" width=\"1079\" height=\"769\" src=\"https:\/\/euribor365.es\/wp-content\/uploads\/2025\/02\/Hipoteca-Fija-1.jpg\" alt=\"\" class=\"wp-image-2613\" style=\"width:450px\"\/><\/figure>\n<\/div>\n\n\n<p>\ud83d\udca1 <strong>Importante:<\/strong> Solo mostramos la diferencia de la cuota, nunca el importe total que pagas. La informaci\u00f3n es completamente privada y solo t\u00fa podr\u00e1s verla.<\/p>\n\n\n\n<h5 class=\"wp-block-heading\">\ud83d\udd04 <strong>\u00bfNecesita mantenimiento?<\/strong><\/h5>\n\n\n\n<p>Para obtener datos m\u00e1s precisos, te recomendamos actualizar cada a\u00f1o:<br>\ud83d\udccc <strong>Cantidad pendiente de la hipoteca<\/strong><br>\ud83d\udccc <strong>A\u00f1os restantes del pr\u00e9stamo<\/strong><\/p>\n\n\n\n<h5 class=\"wp-block-heading\">\u2728 <strong>Reg\u00edstrate en Euribor365.es y mantente informado<\/strong><\/h5>\n\n\n\n<p>Prueba la herramienta sin compromiso <a href=\"\/index.php\/registro\">aqu\u00ed<\/a>. Si en alg\u00fan momento decides que no es para ti, puedes eliminar tu cuenta en <strong>dos clics<\/strong>.<\/p>\n\n\n<div class=\"wp-block-image\">\n<figure class=\"aligncenter size-full is-resized\"><img loading=\"lazy\" decoding=\"async\" width=\"856\" height=\"652\" src=\"https:\/\/euribor365.es\/wp-content\/uploads\/2025\/02\/Eliminar-cuenta-4.jpg\" alt=\"\" class=\"wp-image-2614\" style=\"width:400px\"\/><\/figure>\n<\/div>\n\n\n<p><\/p>\n\n\n\n<p><\/p>\n","protected":false},"excerpt":{"rendered":"<p>\ud83d\udcca \u00bfTienes una hipoteca fija? Descubre c\u00f3mo ha cambiado el mercado Las hipotecas fijas ofrecen estabilidad, pero el mercado evoluciona constantemente. Si quieres conocer c\u00f3mo han variado los tipos de inter\u00e9s y c\u00f3mo podr\u00edan influir en tu situaci\u00f3n, aqu\u00ed puedes comparar los datos actuales con los de tu pr\u00e9stamo. \ud83d\udd0d \u00bfQu\u00e9 datos te solicitamos? \u2705 &#8230; <a title=\"hipoteca-fija\" class=\"read-more\" href=\"https:\/\/euribor365.es\/index.php\/hipoteca-fija\/\" aria-label=\"Leer m\u00e1s sobre hipoteca-fija\">Leer m\u00e1s<\/a><\/p>\n","protected":false},"author":1,"featured_media":0,"parent":0,"menu_order":0,"comment_status":"closed","ping_status":"closed","template":"","meta":{"footnotes":""},"class_list":["post-2481","page","type-page","status-publish"],"_links":{"self":[{"href":"https:\/\/euribor365.es\/index.php\/wp-json\/wp\/v2\/pages\/2481","targetHints":{"allow":["GET"]}}],"collection":[{"href":"https:\/\/euribor365.es\/index.php\/wp-json\/wp\/v2\/pages"}],"about":[{"href":"https:\/\/euribor365.es\/index.php\/wp-json\/wp\/v2\/types\/page"}],"author":[{"embeddable":true,"href":"https:\/\/euribor365.es\/index.php\/wp-json\/wp\/v2\/users\/1"}],"replies":[{"embeddable":true,"href":"https:\/\/euribor365.es\/index.php\/wp-json\/wp\/v2\/comments?post=2481"}],"version-history":[{"count":20,"href":"https:\/\/euribor365.es\/index.php\/wp-json\/wp\/v2\/pages\/2481\/revisions"}],"predecessor-version":[{"id":2615,"href":"https:\/\/euribor365.es\/index.php\/wp-json\/wp\/v2\/pages\/2481\/revisions\/2615"}],"wp:attachment":[{"href":"https:\/\/euribor365.es\/index.php\/wp-json\/wp\/v2\/media?parent=2481"}],"curies":[{"name":"wp","href":"https:\/\/api.w.org\/{rel}","templated":true}]}}