




{"id":1797,"date":"2025-01-25T19:18:09","date_gmt":"2025-01-25T18:18:09","guid":{"rendered":"http:\/\/192.168.1.30\/?page_id=1797"},"modified":"2026-03-15T13:20:15","modified_gmt":"2026-03-15T12:20:15","slug":"historico","status":"publish","type":"page","link":"https:\/\/euribor365.es\/index.php\/historico\/","title":{"rendered":"Hist\u00f3rico"},"content":{"rendered":"\n<h1 style=\"position: absolute; left: -9999px;\">Hist\u00f3rico del Eur\u00edbor: Evoluci\u00f3n de su Valor a lo Largo del Tiempo<\/h1>\n\n\n\n<!DOCTYPE html>\n<html lang=\"en\">\n<head>\n    <meta charset=\"UTF-8\">\n    <meta name=\"viewport\" content=\"width=device-width, initial-scale=1.0\">\n    <title>Eur\u00edbor<\/title>\n    <link rel=\"stylesheet\" href=\"https:\/\/cdnjs.cloudflare.com\/ajax\/libs\/font-awesome\/6.0.0\/css\/all.min.css\">\n<\/head>\n<body>\n    <div id=\"grafico-titulo\" style=\"text-align:center; font-size: 22px; color: blue; margin: 20px 0;\">\n        <i class=\"fa-solid fa-chart-line\" style=\"color: green; margin-right: 10px;\"><\/i>\n        Datos Hist\u00f3ricos Eur\u00edbor\n    <\/div>\n<\/body>\n<\/html>\n\n\n\n<div class=\"custom-message-card\">\n    <p>\u00bfQuieres saber cu\u00e1l fue la variaci\u00f3n diaria m\u00e1s abrupta hacia arriba (6 de Junio de 2008) o hacia abajo (14 de Marzo de 2023)? \u00a1Invest\u00edgalo t\u00fa mismo! \ud83d\ude09<\/p>\n<\/div>\n\n\n    <div id=\"tabla-euribor-diario-container\">\n        <label for=\"a\u00f1o-selector\">Selecci\u00f3n a\u00f1o:<\/label>\n        <select id=\"a\u00f1o-selector\">\n                            <option value=\"1998\">1998<\/option>\n                            <option value=\"1999\">1999<\/option>\n                            <option value=\"2000\">2000<\/option>\n                            <option value=\"2001\">2001<\/option>\n                            <option value=\"2002\">2002<\/option>\n                            <option value=\"2003\">2003<\/option>\n                            <option value=\"2004\">2004<\/option>\n                            <option value=\"2005\">2005<\/option>\n                            <option value=\"2006\">2006<\/option>\n                            <option value=\"2007\">2007<\/option>\n                            <option value=\"2008\">2008<\/option>\n                            <option value=\"2009\">2009<\/option>\n                            <option value=\"2010\">2010<\/option>\n                            <option value=\"2011\">2011<\/option>\n                            <option value=\"2012\">2012<\/option>\n                            <option value=\"2013\">2013<\/option>\n                            <option value=\"2014\">2014<\/option>\n                            <option value=\"2015\">2015<\/option>\n                            <option value=\"2016\">2016<\/option>\n                            <option value=\"2017\">2017<\/option>\n                            <option value=\"2018\">2018<\/option>\n                            <option value=\"2019\">2019<\/option>\n                            <option value=\"2020\">2020<\/option>\n                            <option value=\"2021\">2021<\/option>\n                            <option value=\"2022\">2022<\/option>\n                            <option value=\"2023\">2023<\/option>\n                            <option value=\"2024\">2024<\/option>\n                            <option value=\"2025\">2025<\/option>\n                            <option value=\"2026\">2026<\/option>\n                    <\/select>\n\n        <label for=\"mes-selector\">Selecci\u00f3n mes:<\/label>\n        <select id=\"mes-selector\">\n                            <option value=\"1\">Enero<\/option>\n                            <option value=\"2\">Febrero<\/option>\n                            <option value=\"3\">Marzo<\/option>\n                            <option value=\"4\">Abril<\/option>\n                            <option value=\"5\">Mayo<\/option>\n                            <option value=\"6\">Junio<\/option>\n                            <option value=\"7\">Julio<\/option>\n                            <option value=\"8\">Agosto<\/option>\n                            <option value=\"9\">Septiembre<\/option>\n                            <option value=\"10\">Octubre<\/option>\n                            <option value=\"11\">Noviembre<\/option>\n                            <option value=\"12\">Diciembre<\/option>\n                    <\/select>\n\n        <div id=\"tabla-euribor-diario-wrapper\" style=\"overflow-x: auto;\">\n            <table id=\"tabla-euribor-diario\" style=\"width: 100%; border-collapse: collapse; margin-top: 10px;\">\n                <thead>\n                    <tr>\n                        <th>D\u00eda<\/th>\n                        <th>Valor Euribor<\/th>\n                        <th>Variaci\u00f3n Diaria<\/th>\n                    <\/tr>\n                <\/thead>\n                <tbody>\n                    <tr>\n                        <td colspan=\"3\" style=\"text-align: center;\">Cargando datos...<\/td>\n                    <\/tr>\n                <\/tbody>\n            <\/table>\n        <\/div>\n    <\/div>\n    \n\n\n\n<div class=\"custom-message-card\">\n    <p>\u00bfQuieres ver el Euribor mensual m\u00e1s alto (Julio de 2008) o el m\u00e1s bajo (Enero de 2021)? \u00a1Invest\u00edgalo t\u00fa mismo! \ud83d\ude09<\/p>\n<\/div>\n\n\n    <div id=\"tabla-euribor-container\">\n        <label for=\"a\u00f1o-selector-mensual\">Selecciona un a\u00f1o:<\/label>\n        <select id=\"a\u00f1o-selector-mensual\">\n                            <option value=\"1998\">1998<\/option>\n                            <option value=\"1999\">1999<\/option>\n                            <option value=\"2000\">2000<\/option>\n                            <option value=\"2001\">2001<\/option>\n                            <option value=\"2002\">2002<\/option>\n                            <option value=\"2003\">2003<\/option>\n                            <option value=\"2004\">2004<\/option>\n                            <option value=\"2005\">2005<\/option>\n                            <option value=\"2006\">2006<\/option>\n                            <option value=\"2007\">2007<\/option>\n                            <option value=\"2008\">2008<\/option>\n                            <option value=\"2009\">2009<\/option>\n                            <option value=\"2010\">2010<\/option>\n                            <option value=\"2011\">2011<\/option>\n                            <option value=\"2012\">2012<\/option>\n                            <option value=\"2013\">2013<\/option>\n                            <option value=\"2014\">2014<\/option>\n                            <option value=\"2015\">2015<\/option>\n                            <option value=\"2016\">2016<\/option>\n                            <option value=\"2017\">2017<\/option>\n                            <option value=\"2018\">2018<\/option>\n                            <option value=\"2019\">2019<\/option>\n                            <option value=\"2020\">2020<\/option>\n                            <option value=\"2021\">2021<\/option>\n                            <option value=\"2022\">2022<\/option>\n                            <option value=\"2023\">2023<\/option>\n                            <option value=\"2024\">2024<\/option>\n                            <option value=\"2025\">2025<\/option>\n                            <option value=\"2026\">2026<\/option>\n                    <\/select>\n        <div id=\"tabla-euribor-wrapper\" style=\"overflow-x: auto;\">\n            <table id=\"tabla-euribor\" style=\"width: 100%; border-collapse: collapse; margin-top: 10px;\">\n                <thead>\n                    <tr>\n                        <th>Mes<\/th>\n                        <th>Valor Euribor<\/th>\n                        <th>Variaci\u00f3n Mensual<\/th>\n                        <th>Variaci\u00f3n Semestral<\/th>\n                        <th>Variaci\u00f3n Anual<\/th>\n                    <\/tr>\n                <\/thead>\n                <tbody>\n                    <tr>\n                        <td colspan=\"5\" style=\"text-align: center;\">Cargando datos...<\/td>\n                    <\/tr>\n                <\/tbody>\n            <\/table>\n        <\/div>\n    <\/div>\n    \n\n\n\n<!DOCTYPE html>\n<html lang=\"en\">\n<head>\n    \n    \n    <title>Eur\u00edbor<\/title>\n    <link rel=\"stylesheet\" href=\"https:\/\/cdnjs.cloudflare.com\/ajax\/libs\/font-awesome\/6.0.0\/css\/all.min.css\">\n<\/head>\n<body>\n    <div id=\"grafico-titulo\" style=\"text-align:center; font-size: 22px; color: blue; margin: 20px 0;\">\n        <i class=\"fa-solid fa-chart-line\" style=\"color: green; margin-right: 10px;\"><\/i>\n        \u00daltimas Noticias\n    <\/div>\n<\/body>\n<\/html>\n\n\n<ul class=\"wp-block-latest-posts__list has-dates wp-block-latest-posts\"><li><div class=\"wp-block-latest-posts__featured-image alignleft\"><img loading=\"lazy\" decoding=\"async\" width=\"150\" height=\"86\" src=\"https:\/\/euribor365.es\/wp-content\/uploads\/2025\/10\/alquiler.jpg\" class=\"attachment-thumbnail size-thumbnail wp-post-image\" alt=\"\" style=\"max-width:75px;max-height:75px;\" \/><\/div><a class=\"wp-block-latest-posts__post-title\" href=\"https:\/\/euribor365.es\/index.php\/2026\/04\/30\/euribor-hoy-2026-04-30\/\">Eur\u00edbor a fecha de 30 de abril de 2026: se sit\u00faa en 2.848%<\/a><time datetime=\"2026-04-30T13:15:52+02:00\" class=\"wp-block-latest-posts__post-date\">30 de abril de 2026<\/time><hr style=\"border: 0; border-top: 1px solid #0056b3; margin: 15px 0;\"><\/li>\n<li><div class=\"wp-block-latest-posts__featured-image alignleft\"><img loading=\"lazy\" decoding=\"async\" width=\"150\" height=\"100\" src=\"https:\/\/euribor365.es\/wp-content\/uploads\/2025\/10\/calcular-vivienda.jpg\" class=\"attachment-thumbnail size-thumbnail wp-post-image\" alt=\"\" style=\"max-width:75px;max-height:75px;\" \/><\/div><a class=\"wp-block-latest-posts__post-title\" href=\"https:\/\/euribor365.es\/index.php\/2026\/04\/29\/euribor-hoy-2026-04-29\/\">Eur\u00edbor hoy, 29 de abril de 2026: alcanza el 2.769%<\/a><time datetime=\"2026-04-29T12:15:05+02:00\" class=\"wp-block-latest-posts__post-date\">29 de abril de 2026<\/time><hr style=\"border: 0; border-top: 1px solid #0056b3; margin: 15px 0;\"><\/li>\n<li><div class=\"wp-block-latest-posts__featured-image alignleft\"><img loading=\"lazy\" decoding=\"async\" width=\"150\" height=\"86\" src=\"https:\/\/euribor365.es\/wp-content\/uploads\/2025\/10\/hipoteca.jpg\" class=\"attachment-thumbnail size-thumbnail wp-post-image\" alt=\"\" style=\"max-width:75px;max-height:75px;\" \/><\/div><a class=\"wp-block-latest-posts__post-title\" href=\"https:\/\/euribor365.es\/index.php\/2026\/04\/28\/euribor-hoy-2026-04-28\/\">Eur\u00edbor hoy, 28 de abril de 2026: alcanza el 2.731%<\/a><time datetime=\"2026-04-28T13:28:53+02:00\" class=\"wp-block-latest-posts__post-date\">28 de abril de 2026<\/time><hr style=\"border: 0; border-top: 1px solid #0056b3; margin: 15px 0;\"><\/li>\n<li><div class=\"wp-block-latest-posts__featured-image alignleft\"><img loading=\"lazy\" decoding=\"async\" width=\"150\" height=\"100\" src=\"https:\/\/euribor365.es\/wp-content\/uploads\/2025\/10\/brote-euribor.jpg\" class=\"attachment-thumbnail size-thumbnail wp-post-image\" alt=\"\" style=\"max-width:75px;max-height:75px;\" \/><\/div><a class=\"wp-block-latest-posts__post-title\" href=\"https:\/\/euribor365.es\/index.php\/2026\/04\/27\/euribor-hoy-2026-04-27\/\">Eur\u00edbor diario, 27 de abril de 2026: marcado en 2.763%<\/a><time datetime=\"2026-04-27T12:39:32+02:00\" class=\"wp-block-latest-posts__post-date\">27 de abril de 2026<\/time><hr style=\"border: 0; border-top: 1px solid #0056b3; margin: 15px 0;\"><\/li>\n<li><div class=\"wp-block-latest-posts__featured-image alignleft\"><img loading=\"lazy\" decoding=\"async\" width=\"150\" height=\"106\" src=\"https:\/\/euribor365.es\/wp-content\/uploads\/2025\/10\/hipoteca-casa.jpg\" class=\"attachment-thumbnail size-thumbnail wp-post-image\" alt=\"\" style=\"max-width:75px;max-height:75px;\" \/><\/div><a class=\"wp-block-latest-posts__post-title\" href=\"https:\/\/euribor365.es\/index.php\/2026\/04\/24\/euribor-hoy-2026-04-24\/\">El Euribor termina la semana con fuerte subida, situandose en 2.735%<\/a><time datetime=\"2026-04-24T12:07:47+02:00\" class=\"wp-block-latest-posts__post-date\">24 de abril de 2026<\/time><hr style=\"border: 0; border-top: 1px solid #0056b3; margin: 15px 0;\"><\/li>\n<\/ul>\n\n\n<p><strong><\/strong> <\/p>\n<p>\n <a href=\"https:\/\/x.com\/intent\/tweet?url=https:\/\/euribor365.es\/index.php\/historico\/&#038;text=Plataforma con informaci\u00f3n sobre el Eur\u00edbor\" target=\"_blank\" title=\"Compartir en X\">\n   <img loading=\"lazy\" decoding=\"async\" src=\"https:\/\/cdn-icons-png.flaticon.com\/512\/733\/733579.png\" alt=\"X\" width=\"24\" height=\"24\" style=\"vertical-align: middle; margin-right: 10px;\">\n  <\/a>\n  <a href=\"https:\/\/www.facebook.com\/sharer\/sharer.php?u=https:\/\/euribor365.es\/index.php\/historico\/\" target=\"_blank\" title=\"Compartir en Facebook\">\n    <img loading=\"lazy\" decoding=\"async\" src=\"https:\/\/upload.wikimedia.org\/wikipedia\/commons\/0\/05\/Facebook_Logo_(2019).png\" alt=\"Facebook\" width=\"24\" height=\"24\" style=\"vertical-align: middle; margin-right: 10px;\">\n  <\/a>\n  <a href=\"https:\/\/www.linkedin.com\/shareArticle?mini=true&#038;url=https:\/\/euribor365.es\/index.php\/historico\/\" target=\"_blank\" title=\"Compartir en LinkedIn\">\n    <img loading=\"lazy\" decoding=\"async\" src=\"https:\/\/upload.wikimedia.org\/wikipedia\/commons\/c\/ca\/LinkedIn_logo_initials.png\" alt=\"LinkedIn\" width=\"24\" height=\"24\" style=\"vertical-align: middle; margin-right: 10px;\">\n  <\/a>\n  <a href=\"https:\/\/t.me\/share\/url?url=https:\/\/euribor365.es\/index.php\/historico\/&#038;text=Plataforma con informaci\u00f3n sobre el Eur\u00edbor\" target=\"_blank\" title=\"Compartir en Telegram\">\n    <img loading=\"lazy\" decoding=\"async\" src=\"https:\/\/upload.wikimedia.org\/wikipedia\/commons\/8\/82\/Telegram_logo.svg\" alt=\"Telegram\" width=\"24\" height=\"24\" style=\"vertical-align: middle; margin-right: 10px;\">\n  <\/a>\n  <a href=\"https:\/\/www.instagram.com\/?url=https:\/\/euribor365.es\/index.php\/historico\/\" target=\"_blank\" title=\"Compartir en Instagram\">\n    <img loading=\"lazy\" decoding=\"async\" src=\"https:\/\/upload.wikimedia.org\/wikipedia\/commons\/e\/e7\/Instagram_logo_2016.svg\" alt=\"Instagram\" width=\"24\" height=\"24\" style=\"vertical-align: middle; margin-right: 10px;\">\n  <\/a>\n<\/p>\n","protected":false},"excerpt":{"rendered":"<p>Hist\u00f3rico del Eur\u00edbor: Evoluci\u00f3n de su Valor a lo Largo del Tiempo Eur\u00edbor Datos Hist\u00f3ricos Eur\u00edbor \u00bfQuieres saber cu\u00e1l fue la variaci\u00f3n diaria m\u00e1s abrupta hacia arriba (6 de Junio de 2008) o hacia abajo (14 de Marzo de 2023)? \u00a1Invest\u00edgalo t\u00fa mismo! \ud83d\ude09 \u00bfQuieres ver el Euribor mensual m\u00e1s alto (Julio de 2008) o &#8230; <a title=\"Hist\u00f3rico\" class=\"read-more\" href=\"https:\/\/euribor365.es\/index.php\/historico\/\" aria-label=\"Leer m\u00e1s sobre Hist\u00f3rico\">Leer m\u00e1s<\/a><\/p>\n","protected":false},"author":1,"featured_media":0,"parent":0,"menu_order":0,"comment_status":"closed","ping_status":"closed","template":"","meta":{"footnotes":""},"class_list":["post-1797","page","type-page","status-publish"],"_links":{"self":[{"href":"https:\/\/euribor365.es\/index.php\/wp-json\/wp\/v2\/pages\/1797","targetHints":{"allow":["GET"]}}],"collection":[{"href":"https:\/\/euribor365.es\/index.php\/wp-json\/wp\/v2\/pages"}],"about":[{"href":"https:\/\/euribor365.es\/index.php\/wp-json\/wp\/v2\/types\/page"}],"author":[{"embeddable":true,"href":"https:\/\/euribor365.es\/index.php\/wp-json\/wp\/v2\/users\/1"}],"replies":[{"embeddable":true,"href":"https:\/\/euribor365.es\/index.php\/wp-json\/wp\/v2\/comments?post=1797"}],"version-history":[{"count":24,"href":"https:\/\/euribor365.es\/index.php\/wp-json\/wp\/v2\/pages\/1797\/revisions"}],"predecessor-version":[{"id":4098,"href":"https:\/\/euribor365.es\/index.php\/wp-json\/wp\/v2\/pages\/1797\/revisions\/4098"}],"wp:attachment":[{"href":"https:\/\/euribor365.es\/index.php\/wp-json\/wp\/v2\/media?parent=1797"}],"curies":[{"name":"wp","href":"https:\/\/api.w.org\/{rel}","templated":true}]}}