




{"id":1721,"date":"2025-01-25T01:54:08","date_gmt":"2025-01-25T00:54:08","guid":{"rendered":"http:\/\/192.168.1.30\/?page_id=1721"},"modified":"2025-02-04T20:21:56","modified_gmt":"2025-02-04T19:21:56","slug":"politica-de-cookies","status":"publish","type":"page","link":"https:\/\/euribor365.es\/index.php\/politica-de-cookies\/","title":{"rendered":"Pol\u00edtica de cookies"},"content":{"rendered":"\n<p><\/p>\n\n\n\n<p><strong>POL\u00cdTICA DE COOKIES<\/strong><\/p>\n\n\n\n<p>Esta Pol\u00edtica de Cookies explica qu\u00e9 son las cookies, c\u00f3mo las usamos en <a href=\"http:\/\/www.euribor365.es\/\">www.euribor365.es<\/a> (en adelante, \u00abSitio Web\u00bb) y c\u00f3mo los Usuarios pueden gestionarlas.<\/p>\n\n\n\n<p><strong>1. \u00bfQu\u00e9 son las cookies?<\/strong> Las cookies son peque\u00f1os archivos de texto que se almacenan en el navegador del Usuario cuando visita un sitio web. Sirven para mejorar la experiencia de navegaci\u00f3n, recopilar informaci\u00f3n estad\u00edstica y permitir funcionalidades esenciales.<\/p>\n\n\n\n<p><strong>2. Tipos de cookies utilizadas<\/strong> En este Sitio Web utilizamos los siguientes tipos de cookies:<\/p>\n\n\n\n<ul class=\"wp-block-list\">\n<li><strong>Cookies esenciales<\/strong>: Necesarias para el funcionamiento del Sitio Web, como la gesti\u00f3n de sesiones de usuario.<\/li>\n\n\n\n<li><strong>Cookies de an\u00e1lisis<\/strong>: Utilizamos Google Analytics y Google Tag Manager para recopilar informaci\u00f3n sobre el uso del Sitio Web y mejorar su rendimiento.<\/li>\n\n\n\n<li><strong>Cookies de publicidad<\/strong>: Google Ads emplea cookies para personalizar los anuncios que se muestran a los Usuarios en funci\u00f3n de su interacci\u00f3n con el Sitio Web.<\/li>\n<\/ul>\n\n\n\n<p><strong>3. Consentimiento del Usuario<\/strong> Al acceder al Sitio Web, se mostrar\u00e1 un banner de cookies donde el Usuario podr\u00e1 aceptar o rechazar su uso. Al continuar navegando sin modificar la configuraci\u00f3n del navegador, se considerar\u00e1 que acepta el uso de cookies.<\/p>\n\n\n\n<p><strong>4. C\u00f3mo gestionar y eliminar cookies<\/strong> El Usuario puede configurar su navegador para bloquear o eliminar cookies. A continuaci\u00f3n, proporcionamos enlaces a la gesti\u00f3n de cookies en los navegadores m\u00e1s utilizados:<\/p>\n\n\n\n<ul class=\"wp-block-list\">\n<li><strong>Google Chrome<\/strong>: <a href=\"https:\/\/support.google.com\/chrome\/answer\/95647?hl=es\" target=\"_blank\" rel=\"noopener\">https:\/\/support.google.com\/chrome\/answer\/95647?hl=es<\/a><\/li>\n\n\n\n<li><strong>Mozilla Firefox<\/strong>: <a href=\"https:\/\/support.mozilla.org\/es\/kb\/Eliminar%20cookies\" target=\"_blank\" rel=\"noopener\">https:\/\/support.mozilla.org\/es\/kb\/Eliminar%20cookies<\/a><\/li>\n\n\n\n<li><strong>Microsoft Edge<\/strong>: <a href=\"https:\/\/support.microsoft.com\/es-es\/help\/4027947\/microsoft-edge-delete-cookies\" target=\"_blank\" rel=\"noopener\">https:\/\/support.microsoft.com\/es-es\/help\/4027947\/microsoft-edge-delete-cookies<\/a><\/li>\n\n\n\n<li><strong>Safari<\/strong>: <a href=\"https:\/\/support.apple.com\/es-es\/guide\/safari\/sfri11471\/mac\" target=\"_blank\" rel=\"noopener\">https:\/\/support.apple.com\/es-es\/guide\/safari\/sfri11471\/mac<\/a><\/li>\n<\/ul>\n\n\n\n<p><strong>5. Duraci\u00f3n de las cookies<\/strong> Las cookies de sesi\u00f3n se eliminan al cerrar el navegador. Las cookies persistentes tienen una duraci\u00f3n variable establecida por sus proveedores (Google Analytics y Google Ads, entre otros).<\/p>\n\n\n\n<p><strong>6. Modificaciones de la Pol\u00edtica de Cookies<\/strong> Euribor365.es se reserva el derecho de modificar esta Pol\u00edtica de Cookies para adaptarla a requisitos legales o a cambios en el Sitio Web. Se recomienda a los Usuarios revisarla peri\u00f3dicamente.<\/p>\n\n\n\n<p>Para m\u00e1s informaci\u00f3n sobre la gesti\u00f3n de datos personales, consulta nuestra Pol\u00edtica de Privacidad.<\/p>\n\n\n\n<p>Esta Pol\u00edtica de Cookies ha sido actualizada por \u00faltima vez en febrero de 2025.<\/p>\n","protected":false},"excerpt":{"rendered":"<p>POL\u00cdTICA DE COOKIES Esta Pol\u00edtica de Cookies explica qu\u00e9 son las cookies, c\u00f3mo las usamos en www.euribor365.es (en adelante, \u00abSitio Web\u00bb) y c\u00f3mo los Usuarios pueden gestionarlas. 1. \u00bfQu\u00e9 son las cookies? Las cookies son peque\u00f1os archivos de texto que se almacenan en el navegador del Usuario cuando visita un sitio web. Sirven para mejorar &#8230; <a title=\"Pol\u00edtica de cookies\" class=\"read-more\" href=\"https:\/\/euribor365.es\/index.php\/politica-de-cookies\/\" aria-label=\"Leer m\u00e1s sobre Pol\u00edtica de cookies\">Leer m\u00e1s<\/a><\/p>\n","protected":false},"author":1,"featured_media":0,"parent":0,"menu_order":0,"comment_status":"closed","ping_status":"closed","template":"","meta":{"footnotes":""},"class_list":["post-1721","page","type-page","status-publish"],"_links":{"self":[{"href":"https:\/\/euribor365.es\/index.php\/wp-json\/wp\/v2\/pages\/1721","targetHints":{"allow":["GET"]}}],"collection":[{"href":"https:\/\/euribor365.es\/index.php\/wp-json\/wp\/v2\/pages"}],"about":[{"href":"https:\/\/euribor365.es\/index.php\/wp-json\/wp\/v2\/types\/page"}],"author":[{"embeddable":true,"href":"https:\/\/euribor365.es\/index.php\/wp-json\/wp\/v2\/users\/1"}],"replies":[{"embeddable":true,"href":"https:\/\/euribor365.es\/index.php\/wp-json\/wp\/v2\/comments?post=1721"}],"version-history":[{"count":2,"href":"https:\/\/euribor365.es\/index.php\/wp-json\/wp\/v2\/pages\/1721\/revisions"}],"predecessor-version":[{"id":2377,"href":"https:\/\/euribor365.es\/index.php\/wp-json\/wp\/v2\/pages\/1721\/revisions\/2377"}],"wp:attachment":[{"href":"https:\/\/euribor365.es\/index.php\/wp-json\/wp\/v2\/media?parent=1721"}],"curies":[{"name":"wp","href":"https:\/\/api.w.org\/{rel}","templated":true}]}}